{"id":83,"date":"2025-02-20T17:13:03","date_gmt":"2025-02-20T17:13:03","guid":{"rendered":"http:\/\/demolissagegames.com\/?page_id=83"},"modified":"2025-09-02T10:04:05","modified_gmt":"2025-09-02T09:04:05","slug":"home","status":"publish","type":"page","link":"https:\/\/demolissagegames.com\/fr\/","title":{"rendered":"Home"},"content":{"rendered":"<div class=\"wp-block-group is-content-justification-center is-nowrap is-layout-flex wp-container-core-group-is-layout-23441af8 wp-block-group-is-layout-flex\">\n<p class=\"has-text-align-center has-medium-font-size\" style=\"margin-top:var(--wp--preset--spacing--20);margin-bottom:var(--wp--preset--spacing--20)\"><em>Bienvenue ! <\/em><br><em>Nous sommes une toute petite \u00e9quipe de d\u00e9veloppeurs ind\u00e9pendants de jeux vid\u00e9o.<\/em><\/p>\n<\/div>\n\n\n\n<div class=\"wp-block-group is-content-justification-center is-nowrap is-layout-flex wp-container-core-group-is-layout-23441af8 wp-block-group-is-layout-flex\">\n<figure class=\"wp-block-image size-full is-resized is-style-default ticss-0aeb80bd\" style=\"margin-top:var(--wp--preset--spacing--60);margin-right:0;margin-bottom:var(--wp--preset--spacing--60);margin-left:0\"><img loading=\"lazy\" decoding=\"async\" width=\"1000\" height=\"250\" src=\"http:\/\/demolissagegames.com\/wp-content\/uploads\/2025\/02\/stripes.png\" alt=\"\" class=\"wp-image-160\" style=\"object-fit:cover;width:1500px;height:20px\" srcset=\"https:\/\/demolissagegames.com\/wp-content\/uploads\/2025\/02\/stripes.png 1000w, https:\/\/demolissagegames.com\/wp-content\/uploads\/2025\/02\/stripes-300x75.png 300w, https:\/\/demolissagegames.com\/wp-content\/uploads\/2025\/02\/stripes-768x192.png 768w\" sizes=\"auto, (max-width: 1000px) 100vw, 1000px\" \/><\/figure>\n<\/div>\n\n\n\n<figure class=\"wp-block-image aligncenter size-full is-resized\"><img loading=\"lazy\" decoding=\"async\" width=\"920\" height=\"430\" src=\"https:\/\/demolissagegames.com\/wp-content\/uploads\/2025\/06\/store_capsule_header.png\" alt=\"\" class=\"wp-image-274\" style=\"width:642px;height:auto\" srcset=\"https:\/\/demolissagegames.com\/wp-content\/uploads\/2025\/06\/store_capsule_header.png 920w, https:\/\/demolissagegames.com\/wp-content\/uploads\/2025\/06\/store_capsule_header-300x140.png 300w, https:\/\/demolissagegames.com\/wp-content\/uploads\/2025\/06\/store_capsule_header-768x359.png 768w, https:\/\/demolissagegames.com\/wp-content\/uploads\/2025\/06\/store_capsule_header-18x8.png 18w\" sizes=\"auto, (max-width: 920px) 100vw, 920px\" \/><\/figure>\n\n\n\n<h4 id=\"wp-block-themeisle-blocks-advanced-heading-91c7d749\" class=\"wp-block-themeisle-blocks-advanced-heading wp-block-themeisle-blocks-advanced-heading-91c7d749\"><em>La Foi est votre bouclier, la croix votre \u00e9p\u00e9e.<\/em><\/h4>\n\n\n\n<div class=\"wp-block-columns are-vertically-aligned-center animated fadeInUp has-raft-bg-alt-background-color has-background has-medium-font-size is-layout-flex wp-container-core-columns-is-layout-0793b3bd wp-block-columns-is-layout-flex\" style=\"border-style:none;border-width:0px;border-radius:0px;margin-top:0;margin-bottom:0;padding-top:0px;padding-right:0px;padding-bottom:0px;padding-left:0px\">\n<div class=\"wp-block-column is-vertically-aligned-center is-layout-flow wp-block-column-is-layout-flow\" style=\"flex-basis:50%\">\n<div id=\"wp-block-themeisle-blocks-slider-b98d875d\" class=\"wp-block-themeisle-blocks-slider glide\" data-per-view=\"1\" data-gap=\"0\" data-peek=\"0\" data-autoplay=\"true\" data-height=\"400px\" data-hide-arrows=\"true\"><div class=\"glide__track\" data-glide-el=\"track\"><div class=\"glide__slides\"><div class=\"wp-block-themeisle-blocks-slider-item-wrapper glide__slide\" tabindex=\"0\"><figure><img decoding=\"async\" class=\"wp-block-themeisle-blocks-slider-item\" src=\"https:\/\/demolissagegames.com\/wp-content\/uploads\/2025\/06\/churchPx.png\" alt=\"\" title=\"\" data-id=\"267\"\/><\/figure><\/div><div class=\"wp-block-themeisle-blocks-slider-item-wrapper glide__slide\" tabindex=\"0\"><figure><img decoding=\"async\" class=\"wp-block-themeisle-blocks-slider-item\" src=\"https:\/\/demolissagegames.com\/wp-content\/uploads\/2025\/06\/coffinPx.png\" alt=\"\" title=\"\" data-id=\"268\"\/><\/figure><\/div><div class=\"wp-block-themeisle-blocks-slider-item-wrapper glide__slide\" tabindex=\"0\"><figure><img decoding=\"async\" class=\"wp-block-themeisle-blocks-slider-item\" src=\"https:\/\/demolissagegames.com\/wp-content\/uploads\/2025\/06\/crossRoomPx.png\" alt=\"\" title=\"\" data-id=\"269\"\/><\/figure><\/div><div class=\"wp-block-themeisle-blocks-slider-item-wrapper glide__slide\" tabindex=\"0\"><figure><img decoding=\"async\" class=\"wp-block-themeisle-blocks-slider-item\" src=\"https:\/\/demolissagegames.com\/wp-content\/uploads\/2025\/06\/fightPx.png\" alt=\"\" title=\"\" data-id=\"270\"\/><\/figure><\/div><div class=\"wp-block-themeisle-blocks-slider-item-wrapper glide__slide\" tabindex=\"0\"><figure><img decoding=\"async\" class=\"wp-block-themeisle-blocks-slider-item\" src=\"https:\/\/demolissagegames.com\/wp-content\/uploads\/2025\/06\/labyrinthe2Px.png\" alt=\"\" title=\"\" data-id=\"271\"\/><\/figure><\/div><div class=\"wp-block-themeisle-blocks-slider-item-wrapper glide__slide\" tabindex=\"0\"><figure><img decoding=\"async\" class=\"wp-block-themeisle-blocks-slider-item\" src=\"https:\/\/demolissagegames.com\/wp-content\/uploads\/2025\/06\/skeletonPx.png\" alt=\"\" title=\"\" data-id=\"272\"\/><\/figure><\/div><\/div><div class=\"glide__bullets\" data-glide-el=\"controls[nav]\"><button class=\"glide__bullet\" data-glide-dir=\"=0\"><\/button><button class=\"glide__bullet\" data-glide-dir=\"=1\"><\/button><button class=\"glide__bullet\" data-glide-dir=\"=2\"><\/button><button class=\"glide__bullet\" data-glide-dir=\"=3\"><\/button><button class=\"glide__bullet\" data-glide-dir=\"=4\"><\/button><button class=\"glide__bullet\" data-glide-dir=\"=5\"><\/button><\/div><\/div><\/div>\n<\/div>\n\n\n\n<div class=\"wp-block-column is-vertically-aligned-center is-layout-flow wp-container-core-column-is-layout-c90ab132 wp-block-column-is-layout-flow\" style=\"padding-top:0;padding-right:var(--wp--preset--spacing--40);padding-bottom:0;padding-left:var(--wp--preset--spacing--40)\">\n<p><\/p>\n\n\n\n<p class=\"has-medium-font-size\"><strong>Explore a lost sepulchre to find its mystery purpose, but first you will have to chase away what lurks in the darkness.<\/strong><\/p>\n\n\n\n<p>Vox in Tenebris is coming soon on Steam, wishtlist now:<\/p>\n\n\n\n<p><a href=\"https:\/\/store.steampowered.com\/app\/3648710\/Vox_in_Tenebris\">https:\/\/store.steampowered.com\/app\/3648710\/Vox_in_Tenebris<\/a><\/p>\n\n\n\n<p>En attendant, le prototype (on insiste l\u00e0 dessus) est toujours disponible sur itchio.io:<\/p>\n\n\n\n<div class=\"wp-block-columns is-layout-flex wp-container-core-columns-is-layout-28f84493 wp-block-columns-is-layout-flex\">\n<div class=\"wp-block-column is-vertically-aligned-center is-layout-flow wp-block-column-is-layout-flow\">\n<iframe loading=\"lazy\" frameborder=\"0\" src=\"https:\/\/itch.io\/embed\/3284961?bg_color=dbd19f&amp;fg_color=000000&amp;link_color=d31414&amp;border_color=66504d\" width=\"400\" height=\"167\"><a href=\"https:\/\/saturnode.itch.io\/vox-in-tenebris\">Vox In Tenebris<\/a><\/iframe>\n<\/div>\n<\/div>\n\n\n\n<p><em>Illustration principale par <a href=\"https:\/\/nathankrieg.com\/\" data-type=\"link\" data-id=\"https:\/\/nathankrieg.com\/\">Nathan Krieg<\/a><\/em><\/p>\n<\/div>\n<\/div>\n\n\n\n<div class=\"wp-block-columns is-layout-flex wp-container-core-columns-is-layout-28f84493 wp-block-columns-is-layout-flex\">\n<div class=\"wp-block-column is-layout-flow wp-block-column-is-layout-flow\" style=\"flex-basis:15%\"><\/div>\n\n\n\n<div class=\"wp-block-column is-layout-flow wp-block-column-is-layout-flow\" style=\"flex-basis:70%\">\n<figure class=\"wp-block-embed alignwide is-type-video is-provider-youtube wp-block-embed-youtube wp-embed-aspect-16-9 wp-has-aspect-ratio\" style=\"margin-right:0;margin-left:0\"><div class=\"wp-block-embed__wrapper\">\n<div class=\"ast-oembed-container\" style=\"height: 100%;\"><iframe loading=\"lazy\" title=\"Vox in Tenebris - announce trailer\" width=\"500\" height=\"281\" src=\"https:\/\/www.youtube.com\/embed\/aQ7-HnVC0F8?feature=oembed\" frameborder=\"0\" allow=\"accelerometer; autoplay; clipboard-write; encrypted-media; gyroscope; picture-in-picture; web-share\" referrerpolicy=\"strict-origin-when-cross-origin\" allowfullscreen><\/iframe><\/div>\n<\/div><\/figure>\n<\/div>\n\n\n\n<div class=\"wp-block-column is-layout-flow wp-block-column-is-layout-flow\" style=\"flex-basis:15%\"><\/div>\n<\/div>\n\n\n\n<div class=\"wp-block-columns is-layout-flex wp-container-core-columns-is-layout-28f84493 wp-block-columns-is-layout-flex\"><\/div>\n\n\n\n<div class=\"wp-block-group is-content-justification-center is-nowrap is-layout-flex wp-container-core-group-is-layout-23441af8 wp-block-group-is-layout-flex\">\n<figure class=\"wp-block-image size-full is-resized is-style-default ticss-0aeb80bd\" style=\"margin-top:var(--wp--preset--spacing--60);margin-right:0;margin-bottom:var(--wp--preset--spacing--60);margin-left:0\"><img loading=\"lazy\" decoding=\"async\" width=\"1000\" height=\"250\" src=\"http:\/\/demolissagegames.com\/wp-content\/uploads\/2025\/02\/stripes.png\" alt=\"\" class=\"wp-image-160\" style=\"object-fit:cover;width:1500px;height:20px\" srcset=\"https:\/\/demolissagegames.com\/wp-content\/uploads\/2025\/02\/stripes.png 1000w, https:\/\/demolissagegames.com\/wp-content\/uploads\/2025\/02\/stripes-300x75.png 300w, https:\/\/demolissagegames.com\/wp-content\/uploads\/2025\/02\/stripes-768x192.png 768w\" sizes=\"auto, (max-width: 1000px) 100vw, 1000px\" \/><\/figure>\n<\/div>\n\n\n\n<figure class=\"wp-block-image aligncenter size-full is-resized\"><img loading=\"lazy\" decoding=\"async\" width=\"500\" height=\"500\" src=\"https:\/\/demolissagegames.com\/wp-content\/uploads\/2025\/09\/BoxArt.png\" alt=\"\" class=\"wp-image-287\" style=\"width:400px\" srcset=\"https:\/\/demolissagegames.com\/wp-content\/uploads\/2025\/09\/BoxArt.png 500w, https:\/\/demolissagegames.com\/wp-content\/uploads\/2025\/09\/BoxArt-300x300.png 300w, https:\/\/demolissagegames.com\/wp-content\/uploads\/2025\/09\/BoxArt-150x150.png 150w, https:\/\/demolissagegames.com\/wp-content\/uploads\/2025\/09\/BoxArt-12x12.png 12w\" sizes=\"auto, (max-width: 500px) 100vw, 500px\" \/><\/figure>\n\n\n\n<h4 id=\"wp-block-themeisle-blocks-advanced-heading-6440d3e5\" class=\"wp-block-themeisle-blocks-advanced-heading wp-block-themeisle-blocks-advanced-heading-6440d3e5\"><em>Balayez les sols poussi\u00e9reux de la tour du sorcier !<\/em><\/h4>\n\n\n\n<div class=\"wp-block-columns animated fadeInUp has-raft-bg-alt-background-color has-background has-medium-font-size is-layout-flex wp-container-core-columns-is-layout-0793b3bd wp-block-columns-is-layout-flex\" style=\"border-style:none;border-width:0px;border-radius:0px;margin-top:0;margin-bottom:0;padding-top:0px;padding-right:0px;padding-bottom:0px;padding-left:0px\">\n<div class=\"wp-block-column is-vertically-aligned-center is-layout-flow wp-container-core-column-is-layout-1396dd20 wp-block-column-is-layout-flow\" style=\"border-style:none;border-width:0px;border-radius:0px;padding-top:0;padding-right:0;padding-bottom:0;padding-left:0;flex-basis:40%\">\n<div id=\"wp-block-themeisle-blocks-slider-a7640282\" class=\"wp-block-themeisle-blocks-slider glide\" data-per-view=\"1\" data-gap=\"0\" data-peek=\"0\" data-autoplay=\"true\" data-height=\"500px\" data-hide-arrows=\"false\"><div class=\"glide__track\" data-glide-el=\"track\"><div class=\"glide__slides\"><div class=\"wp-block-themeisle-blocks-slider-item-wrapper glide__slide\" tabindex=\"0\"><figure><img decoding=\"async\" class=\"wp-block-themeisle-blocks-slider-item\" src=\"https:\/\/demolissagegames.com\/wp-content\/uploads\/2025\/09\/screenshot1.png\" alt=\"\" title=\"\" data-id=\"289\"\/><\/figure><\/div><div class=\"wp-block-themeisle-blocks-slider-item-wrapper glide__slide\" tabindex=\"0\"><figure><img decoding=\"async\" class=\"wp-block-themeisle-blocks-slider-item\" src=\"https:\/\/demolissagegames.com\/wp-content\/uploads\/2025\/09\/screenshot2.png\" alt=\"\" title=\"\" data-id=\"288\"\/><\/figure><\/div><div class=\"wp-block-themeisle-blocks-slider-item-wrapper glide__slide\" tabindex=\"0\"><figure><img decoding=\"async\" class=\"wp-block-themeisle-blocks-slider-item\" src=\"https:\/\/demolissagegames.com\/wp-content\/uploads\/2025\/09\/screenshot3.png\" alt=\"\" title=\"\" data-id=\"291\"\/><\/figure><\/div><div class=\"wp-block-themeisle-blocks-slider-item-wrapper glide__slide\" tabindex=\"0\"><figure><img decoding=\"async\" class=\"wp-block-themeisle-blocks-slider-item\" src=\"https:\/\/demolissagegames.com\/wp-content\/uploads\/2025\/09\/teaser.png\" alt=\"\" title=\"\" data-id=\"290\"\/><\/figure><\/div><\/div><div class=\"glide__bullets\" data-glide-el=\"controls[nav]\"><button class=\"glide__bullet\" data-glide-dir=\"=0\"><\/button><button class=\"glide__bullet\" data-glide-dir=\"=1\"><\/button><button class=\"glide__bullet\" data-glide-dir=\"=2\"><\/button><button class=\"glide__bullet\" data-glide-dir=\"=3\"><\/button><\/div><\/div><\/div>\n<\/div>\n\n\n\n<div class=\"wp-block-column is-vertically-aligned-center is-layout-flow wp-container-core-column-is-layout-c90ab132 wp-block-column-is-layout-flow\" style=\"padding-top:0;padding-right:var(--wp--preset--spacing--40);padding-bottom:0;padding-left:var(--wp--preset--spacing--40)\">\n<p><\/p>\n\n\n\n<p class=\"has-medium-font-size\">Il est temps de faire le m\u00e9nage ! Prenez votre balais de sorcier et nettoyez tous les carreaux pour passer au niveau suivant, mais attention aux habitants magiques m\u00e9content d'\u00eatre d\u00e9rang\u00e9 !<\/p>\n\n\n\n<p><strong>Parcourez tous les niveaux et obtenez le  meilleur score !<\/strong><\/p>\n\n\n\n<p class=\"has-medium-font-size\"><em>Version d\u00e9mo, dur\u00e9e ~10min<\/em><\/p>\n\n\n\n<iframe loading=\"lazy\" frameborder=\"0\" src=\"https:\/\/itch.io\/embed\/3832646?linkback=true&amp;bg_color=005298&amp;fg_color=efed0b&amp;link_color=fa5c5c&amp;border_color=269afe\" width=\"552\" height=\"167\"><a href=\"https:\/\/demolissagegames.itch.io\/the-sweeping-wizard\">The Sweeping Wizard (demo) by DemolissageGames<\/a><\/iframe>\n<\/div>\n<\/div>\n\n\n\n<div class=\"wp-block-group is-horizontal is-content-justification-center is-nowrap is-layout-flex wp-container-core-group-is-layout-fef0958f wp-block-group-is-layout-flex\" style=\"margin-top:var(--wp--preset--spacing--40);margin-bottom:0\">\n<figure class=\"wp-block-image size-full is-resized is-style-default ticss-0aeb80bd\" style=\"margin-top:var(--wp--preset--spacing--60);margin-right:0;margin-bottom:var(--wp--preset--spacing--60);margin-left:0\"><img loading=\"lazy\" decoding=\"async\" width=\"1000\" height=\"250\" src=\"http:\/\/demolissagegames.com\/wp-content\/uploads\/2025\/02\/stripes.png\" alt=\"\" class=\"wp-image-160\" style=\"object-fit:cover;width:1500px;height:20px\" srcset=\"https:\/\/demolissagegames.com\/wp-content\/uploads\/2025\/02\/stripes.png 1000w, https:\/\/demolissagegames.com\/wp-content\/uploads\/2025\/02\/stripes-300x75.png 300w, https:\/\/demolissagegames.com\/wp-content\/uploads\/2025\/02\/stripes-768x192.png 768w\" sizes=\"auto, (max-width: 1000px) 100vw, 1000px\" \/><\/figure>\n<\/div>\n\n\n\n<div class=\"wp-block-group alignwide animated fadeInUp is-layout-constrained wp-container-core-group-is-layout-990378a1 wp-block-group-is-layout-constrained\" style=\"border-style:none;border-width:0px\">\n<h2 class=\"wp-block-heading has-text-align-center\" style=\"margin-bottom:var(--wp--preset--spacing--50)\">OUR DEMOLISSAGE TEAM<\/h2>\n\n\n\n<div id=\"wp-block-themeisle-blocks-advanced-columns-be71e345\" class=\"wp-block-themeisle-blocks-advanced-columns has-2-columns has-desktop-equal-layout has-tablet-equal-layout has-mobile-collapsedRows-layout has-vertical-top\"><div class=\"wp-block-themeisle-blocks-advanced-columns-overlay\"><\/div><div class=\"innerblocks-wrap\">\n<div id=\"wp-block-themeisle-blocks-advanced-column-e373838a\" class=\"wp-block-themeisle-blocks-advanced-column\">\n<figure class=\"wp-block-image size-full is-resized is-style-rounded\"><img loading=\"lazy\" decoding=\"async\" width=\"250\" height=\"250\" src=\"http:\/\/demolissagegames.com\/wp-content\/uploads\/2025\/02\/saturn250x250.png\" alt=\"\" class=\"wp-image-61\" style=\"object-fit:contain;width:180px;height:181px\" srcset=\"https:\/\/demolissagegames.com\/wp-content\/uploads\/2025\/02\/saturn250x250.png 250w, https:\/\/demolissagegames.com\/wp-content\/uploads\/2025\/02\/saturn250x250-150x150.png 150w\" sizes=\"auto, (max-width: 250px) 100vw, 250px\" \/><\/figure>\n\n\n\n<h3 id=\"wp-block-themeisle-blocks-advanced-heading-a0f377e3\" class=\"wp-block-themeisle-blocks-advanced-heading wp-block-themeisle-blocks-advanced-heading-a0f377e3\">St\u00e9phane &#8216;Saturn&#8217; Demots<\/h3>\n\n\n\n<p class=\"has-text-align-left\">Fondateur \/ Game designer \/ D\u00e9veloppeur \/ Artiste 3D<\/p>\n\n\n\n<p><\/p>\n<\/div>\n\n\n\n<div id=\"wp-block-themeisle-blocks-advanced-column-47c7b5bd\" class=\"wp-block-themeisle-blocks-advanced-column\">\n<figure class=\"wp-block-image size-full is-resized is-style-rounded\"><img loading=\"lazy\" decoding=\"async\" width=\"50\" height=\"50\" src=\"https:\/\/demolissagegames.com\/wp-content\/uploads\/2025\/03\/drawback.png\" alt=\"\" class=\"wp-image-262\" style=\"width:180px;height:181px\" srcset=\"https:\/\/demolissagegames.com\/wp-content\/uploads\/2025\/03\/drawback.png 50w, https:\/\/demolissagegames.com\/wp-content\/uploads\/2025\/03\/drawback-12x12.png 12w\" sizes=\"auto, (max-width: 50px) 100vw, 50px\" \/><\/figure>\n\n\n\n<h3 id=\"wp-block-themeisle-blocks-advanced-heading-d67c0dbf\" class=\"wp-block-themeisle-blocks-advanced-heading wp-block-themeisle-blocks-advanced-heading-d67c0dbf\">Antoine &#8216;Drawback&#8217; Demots<\/h3>\n\n\n\n<p class=\"has-text-align-left\">Game designer \/ D\u00e9veloppeur \/ Artiste 2D<\/p>\n<\/div>\n<\/div><\/div>\n<\/div>\n\n\n\n<div class=\"wp-block-group is-horizontal is-content-justification-center is-nowrap is-layout-flex wp-container-core-group-is-layout-fef0958f wp-block-group-is-layout-flex\" style=\"margin-top:var(--wp--preset--spacing--40);margin-bottom:0\">\n<figure class=\"wp-block-image size-full is-resized is-style-default ticss-0aeb80bd\" style=\"margin-top:var(--wp--preset--spacing--60);margin-right:0;margin-bottom:var(--wp--preset--spacing--60);margin-left:0\"><img loading=\"lazy\" decoding=\"async\" width=\"1000\" height=\"250\" src=\"http:\/\/demolissagegames.com\/wp-content\/uploads\/2025\/02\/stripes.png\" alt=\"\" class=\"wp-image-160\" style=\"object-fit:cover;width:1500px;height:20px\" srcset=\"https:\/\/demolissagegames.com\/wp-content\/uploads\/2025\/02\/stripes.png 1000w, https:\/\/demolissagegames.com\/wp-content\/uploads\/2025\/02\/stripes-300x75.png 300w, https:\/\/demolissagegames.com\/wp-content\/uploads\/2025\/02\/stripes-768x192.png 768w\" sizes=\"auto, (max-width: 1000px) 100vw, 1000px\" \/><\/figure>\n<\/div>\n\n\n\n<div class=\"wp-block-group is-content-justification-center is-nowrap is-layout-flex wp-container-core-group-is-layout-23441af8 wp-block-group-is-layout-flex\">\n<p class=\"has-large-font-size\" style=\"margin-top:var(--wp--preset--spacing--20);margin-bottom:var(--wp--preset--spacing--20)\"><em>Rejoignez-nous sur nos r\u00e9seaux<\/em> !<\/p>\n<\/div>\n\n\n\n<div class=\"wp-block-group animated fadeInDown is-content-justification-center is-nowrap is-layout-flex wp-container-core-group-is-layout-1769166a wp-block-group-is-layout-flex\" style=\"padding-top:0;padding-bottom:0\">\n<div id=\"wp-block-themeisle-blocks-font-awesome-icons-39b6b378\" class=\"wp-block-themeisle-blocks-font-awesome-icons\"><span class=\"wp-block-themeisle-blocks-font-awesome-icons-container\"><a href=\"https:\/\/discord.com\/invite\/FMpSEmgMQV\" target=\"_self\" rel=\"noopener noreferrer\"><i class=\"fab fa-discord\"><\/i><\/a><\/span><\/div>\n\n\n\n<div id=\"wp-block-themeisle-blocks-font-awesome-icons-4e66da45\" class=\"wp-block-themeisle-blocks-font-awesome-icons\"><span class=\"wp-block-themeisle-blocks-font-awesome-icons-container\"><i class=\"fab fa-steam\"><\/i><\/span><\/div>\n\n\n\n<ul class=\"wp-block-social-links has-huge-icon-size has-icon-color is-style-logos-only is-content-justification-center is-layout-flex wp-container-core-social-links-is-layout-96debaff wp-block-social-links-is-layout-flex\" style=\"border-style:none;border-width:0px;margin-right:0;margin-left:0\"><li style=\"color:var(--ast-global-color-0);\" class=\"wp-social-link wp-social-link-bluesky has-ast-global-color-0-color wp-block-social-link\"><a rel=\"noopener nofollow\" target=\"_blank\" href=\"https:\/\/bsky.app\/profile\/demolissagegames.bsky.social\" class=\"wp-block-social-link-anchor\"><svg width=\"24\" height=\"24\" viewbox=\"0 0 24 24\" version=\"1.1\" xmlns=\"http:\/\/www.w3.org\/2000\/svg\" aria-hidden=\"true\" focusable=\"false\"><path d=\"M6.3,4.2c2.3,1.7,4.8,5.3,5.7,7.2.9-1.9,3.4-5.4,5.7-7.2,1.7-1.3,4.3-2.2,4.3.9s-.4,5.2-.6,5.9c-.7,2.6-3.3,3.2-5.6,2.8,4,.7,5.1,3,2.9,5.3-5,5.2-6.7-2.8-6.7-2.8,0,0-1.7,8-6.7,2.8-2.2-2.3-1.2-4.6,2.9-5.3-2.3.4-4.9-.3-5.6-2.8-.2-.7-.6-5.3-.6-5.9,0-3.1,2.7-2.1,4.3-.9h0Z\"><\/path><\/svg><span class=\"wp-block-social-link-label screen-reader-text\">Bluesky<\/span><\/a><\/li>\n\n<li style=\"color:var(--ast-global-color-0);\" class=\"wp-social-link wp-social-link-youtube has-ast-global-color-0-color wp-block-social-link\"><a rel=\"noopener nofollow\" target=\"_blank\" href=\"https:\/\/www.youtube.com\/channel\/UCKgTr4lMLoZkp5jzk22Eq2w\" class=\"wp-block-social-link-anchor\"><svg width=\"24\" height=\"24\" viewbox=\"0 0 24 24\" version=\"1.1\" xmlns=\"http:\/\/www.w3.org\/2000\/svg\" aria-hidden=\"true\" focusable=\"false\"><path d=\"M21.8,8.001c0,0-0.195-1.378-0.795-1.985c-0.76-0.797-1.613-0.801-2.004-0.847c-2.799-0.202-6.997-0.202-6.997-0.202 h-0.009c0,0-4.198,0-6.997,0.202C4.608,5.216,3.756,5.22,2.995,6.016C2.395,6.623,2.2,8.001,2.2,8.001S2,9.62,2,11.238v1.517 c0,1.618,0.2,3.237,0.2,3.237s0.195,1.378,0.795,1.985c0.761,0.797,1.76,0.771,2.205,0.855c1.6,0.153,6.8,0.201,6.8,0.201 s4.203-0.006,7.001-0.209c0.391-0.047,1.243-0.051,2.004-0.847c0.6-0.607,0.795-1.985,0.795-1.985s0.2-1.618,0.2-3.237v-1.517 C22,9.62,21.8,8.001,21.8,8.001z M9.935,14.594l-0.001-5.62l5.404,2.82L9.935,14.594z\"><\/path><\/svg><span class=\"wp-block-social-link-label screen-reader-text\">YouTube<\/span><\/a><\/li>\n\n<\/ul>\n<\/div>\n\n\n\n<div style=\"height:172px\" aria-hidden=\"true\" class=\"wp-block-spacer\"><\/div>\n\n\n\n<div class=\"wp-block-group is-content-justification-center is-nowrap is-layout-flex wp-container-core-group-is-layout-23441af8 wp-block-group-is-layout-flex\">\n<figure class=\"wp-block-image size-full is-resized animated hinge o-anim-hover\"><img loading=\"lazy\" decoding=\"async\" width=\"1000\" height=\"250\" src=\"http:\/\/demolissagegames.com\/wp-content\/uploads\/2025\/02\/titre3.png\" alt=\"\" class=\"wp-image-208\" style=\"width:273px;height:auto\" srcset=\"https:\/\/demolissagegames.com\/wp-content\/uploads\/2025\/02\/titre3.png 1000w, https:\/\/demolissagegames.com\/wp-content\/uploads\/2025\/02\/titre3-300x75.png 300w, https:\/\/demolissagegames.com\/wp-content\/uploads\/2025\/02\/titre3-768x192.png 768w\" sizes=\"auto, (max-width: 1000px) 100vw, 1000px\" \/><\/figure>\n<\/div>","protected":false},"excerpt":{"rendered":"<p>Welcome! We are a french team of indie game developpers Explore a lost sepulchre to find its mystery purpose, but [&hellip;]<\/p>","protected":false},"author":1,"featured_media":0,"parent":0,"menu_order":0,"comment_status":"closed","ping_status":"closed","template":"","meta":{"site-sidebar-layout":"default","site-content-layout":"","ast-site-content-layout":"normal-width-container","site-content-style":"default","site-sidebar-style":"default","ast-global-header-display":"","ast-banner-title-visibility":"","ast-main-header-display":"","ast-hfb-above-header-display":"","ast-hfb-below-header-display":"","ast-hfb-mobile-header-display":"","site-post-title":"disabled","ast-breadcrumbs-content":"","ast-featured-img":"","footer-sml-layout":"","theme-transparent-header-meta":"","adv-header-id-meta":"","stick-header-meta":"","header-above-stick-meta":"","header-main-stick-meta":"","header-below-stick-meta":"","astra-migrate-meta-layouts":"default","ast-page-background-enabled":"default","ast-page-background-meta":{"desktop":{"background-color":"var(--ast-global-color-5)","background-image":"","background-repeat":"repeat","background-position":"center center","background-size":"auto","background-attachment":"scroll","background-type":"","background-media":"","overlay-type":"","overlay-color":"","overlay-opacity":"","overlay-gradient":""},"tablet":{"background-color":"","background-image":"","background-repeat":"repeat","background-position":"center center","background-size":"auto","background-attachment":"scroll","background-type":"","background-media":"","overlay-type":"","overlay-color":"","overlay-opacity":"","overlay-gradient":""},"mobile":{"background-color":"","background-image":"","background-repeat":"repeat","background-position":"center center","background-size":"auto","background-attachment":"scroll","background-type":"","background-media":"","overlay-type":"","overlay-color":"","overlay-opacity":"","overlay-gradient":""}},"ast-content-background-meta":{"desktop":{"background-color":"var(--ast-global-color-4)","background-image":"","background-repeat":"repeat","background-position":"center center","background-size":"auto","background-attachment":"scroll","background-type":"","background-media":"","overlay-type":"","overlay-color":"","overlay-opacity":"","overlay-gradient":""},"tablet":{"background-color":"var(--ast-global-color-4)","background-image":"","background-repeat":"repeat","background-position":"center center","background-size":"auto","background-attachment":"scroll","background-type":"","background-media":"","overlay-type":"","overlay-color":"","overlay-opacity":"","overlay-gradient":""},"mobile":{"background-color":"var(--ast-global-color-4)","background-image":"","background-repeat":"repeat","background-position":"center center","background-size":"auto","background-attachment":"scroll","background-type":"","background-media":"","overlay-type":"","overlay-color":"","overlay-opacity":"","overlay-gradient":""}},"_themeisle_gutenberg_block_has_review":false,"footnotes":""},"categories":[],"tags":[10],"class_list":["post-83","page","type-page","status-publish","hentry","tag-en"],"_links":{"self":[{"href":"https:\/\/demolissagegames.com\/fr\/wp-json\/wp\/v2\/pages\/83","targetHints":{"allow":["GET"]}}],"collection":[{"href":"https:\/\/demolissagegames.com\/fr\/wp-json\/wp\/v2\/pages"}],"about":[{"href":"https:\/\/demolissagegames.com\/fr\/wp-json\/wp\/v2\/types\/page"}],"author":[{"embeddable":true,"href":"https:\/\/demolissagegames.com\/fr\/wp-json\/wp\/v2\/users\/1"}],"replies":[{"embeddable":true,"href":"https:\/\/demolissagegames.com\/fr\/wp-json\/wp\/v2\/comments?post=83"}],"version-history":[{"count":79,"href":"https:\/\/demolissagegames.com\/fr\/wp-json\/wp\/v2\/pages\/83\/revisions"}],"predecessor-version":[{"id":299,"href":"https:\/\/demolissagegames.com\/fr\/wp-json\/wp\/v2\/pages\/83\/revisions\/299"}],"wp:attachment":[{"href":"https:\/\/demolissagegames.com\/fr\/wp-json\/wp\/v2\/media?parent=83"}],"wp:term":[{"taxonomy":"category","embeddable":true,"href":"https:\/\/demolissagegames.com\/fr\/wp-json\/wp\/v2\/categories?post=83"},{"taxonomy":"post_tag","embeddable":true,"href":"https:\/\/demolissagegames.com\/fr\/wp-json\/wp\/v2\/tags?post=83"}],"curies":[{"name":"wp","href":"https:\/\/api.w.org\/{rel}","templated":true}]}}